{"id":615,"date":"2024-11-20T15:09:37","date_gmt":"2024-11-20T14:09:37","guid":{"rendered":"https:\/\/regatdesiuts.wordpress.com\/?page_id=615"},"modified":"2026-01-15T11:25:25","modified_gmt":"2026-01-15T10:25:25","slug":"village-etape-2","status":"publish","type":"page","link":"https:\/\/www.laregatedesiut.com\/index.php\/village-etape-2\/","title":{"rendered":"Village \u00e9tape"},"content":{"rendered":"\n<p class=\"has-medium-font-size\">Depuis l&#8217;<strong>\u00e9dition 2016<\/strong>, des stands partenaires au sein du village \u00e9tape permettent une approche directe entre les entreprises, les \u00e9tudiants et le grand public. Pour passer un moment convivial <strong>des animations et un tremplin musical <\/strong>sont organis\u00e9s.<\/p>\n\n\n\n<p>C&#8217;est donc l\u2019occasion de&nbsp;<strong>rassembler les \u00e9tudiants des IUT<\/strong>&nbsp;et&nbsp;<strong>la population castine<\/strong>&nbsp;autour de&nbsp;<strong>diff\u00e9rentes animations<\/strong>&nbsp;en mettant l\u2019accent sur&nbsp;<strong>l\u2019emploi et la formation.<\/strong><\/p>\n\n\n\n<h2 class=\"wp-block-heading has-text-align-center\"><strong>ANIMATIONS<\/strong><\/h2>\n\n\n\n<p>L\u2019incontournable&nbsp;<strong>Village des IUT<\/strong>&nbsp;est&nbsp;<strong>ouvert \u00e0 tous&nbsp;<\/strong>aussi bien aux petits qu\u2019aux grands.&nbsp;De nombreuses&nbsp;<strong>activit\u00e9s diverses et gratuites<\/strong>&nbsp;seront pr\u00e9sentes tels que des structures&nbsp;gonflables, des jeux, une tour d\u2019escalade, un babyfoot g\u00e9ant, des stands partenaires et des&nbsp;d\u00e9gustations de produits locaux comme les yaourts Malo ou des galettes et cr\u00eapes&#8230;&nbsp;<\/p>\n\n\n\n<p>Le public pourra aussi assister aux\u00a0<strong>concerts gratuits<\/strong>\u00a0donn\u00e9s par le bagad Salicorne de Saint Cast Le Guildo<\/p>\n\n\n\n<p>Cette ann\u00e9e le port de Saint-Cast-Le-Guildo sera le th\u00e9\u00e2tre d\u2019activit\u00e9s in\u00e9dites.&nbsp;En fin de journ\u00e9e, les \u00e9quipages termineront leur course au&nbsp;<strong>port Jacquet<\/strong>.&nbsp;Le public pr\u00e9sent aura \u00e9galement la chance de les accueillir !&nbsp;Cet \u00e9v\u00e8nement sera ouvert aux \u00e9tudiants des IUT ainsi qu\u2019\u00e0 la population castine dans un&nbsp;esprit&nbsp;<strong>sportif<\/strong>&nbsp;et&nbsp;<strong>jovial<\/strong>&nbsp;!<\/p>\n\n\n\n<p>Le soir il y aura \u00e9galement un repas propos\u00e9 par un traiteur dans la salle des f\u00eates de Saint-Cast-le-Guildo . Nous en profiterons pour annoncer les gagnant du challenge communication.<\/p>\n\n\n\n<figure class=\"wp-block-image aligncenter size-large is-resized is-style-rounded is-style-rounded--1\"><img decoding=\"async\" src=\"https:\/\/regatdesiuts.wordpress.com\/wp-content\/uploads\/2024\/11\/05_samedi_village-des-iut_c2a9heloisedaniel-74.jpg?w=1024\" alt=\"\" class=\"wp-image-643\" style=\"aspect-ratio:16\/9;object-fit:cover;width:auto;height:500px\"\/><\/figure>\n\n\n\n<p><\/p>\n\n\n\n<p><\/p>\n","protected":false},"excerpt":{"rendered":"<p>Depuis l&#8217;\u00e9dition 2016, des stands partenaires au sein du village \u00e9tape permettent une approche directe entre les entreprises, les \u00e9tudiants et le grand public. Pour passer un moment convivial des animations et un tremplin musical sont organis\u00e9s. C&#8217;est donc l\u2019occasion de&nbsp;rassembler les \u00e9tudiants des IUT&nbsp;et&nbsp;la population castine&nbsp;autour de&nbsp;diff\u00e9rentes animations&nbsp;en mettant l\u2019accent sur&nbsp;l\u2019emploi et la formation. [&hellip;]<\/p>\n","protected":false},"author":1,"featured_media":0,"parent":0,"menu_order":0,"comment_status":"closed","ping_status":"closed","template":"","meta":{"footnotes":""},"class_list":["post-615","page","type-page","status-publish","hentry"],"_links":{"self":[{"href":"https:\/\/www.laregatedesiut.com\/index.php\/wp-json\/wp\/v2\/pages\/615","targetHints":{"allow":["GET"]}}],"collection":[{"href":"https:\/\/www.laregatedesiut.com\/index.php\/wp-json\/wp\/v2\/pages"}],"about":[{"href":"https:\/\/www.laregatedesiut.com\/index.php\/wp-json\/wp\/v2\/types\/page"}],"author":[{"embeddable":true,"href":"https:\/\/www.laregatedesiut.com\/index.php\/wp-json\/wp\/v2\/users\/1"}],"replies":[{"embeddable":true,"href":"https:\/\/www.laregatedesiut.com\/index.php\/wp-json\/wp\/v2\/comments?post=615"}],"version-history":[{"count":12,"href":"https:\/\/www.laregatedesiut.com\/index.php\/wp-json\/wp\/v2\/pages\/615\/revisions"}],"predecessor-version":[{"id":1372,"href":"https:\/\/www.laregatedesiut.com\/index.php\/wp-json\/wp\/v2\/pages\/615\/revisions\/1372"}],"wp:attachment":[{"href":"https:\/\/www.laregatedesiut.com\/index.php\/wp-json\/wp\/v2\/media?parent=615"}],"curies":[{"name":"wp","href":"https:\/\/api.w.org\/{rel}","templated":true}]}}