{"id":519,"date":"2024-11-10T14:58:48","date_gmt":"2024-11-10T13:58:48","guid":{"rendered":"https:\/\/regatdesiuts.wordpress.com\/?page_id=519"},"modified":"2025-05-16T12:44:33","modified_gmt":"2025-05-16T10:44:33","slug":"inscription-challenge-voile-bretagne-plaisance","status":"publish","type":"page","link":"https:\/\/www.laregatedesiut.com\/index.php\/inscription-challenge-voile-bretagne-plaisance\/","title":{"rendered":"Inscription Challenge Voile Bretagne Plaisance"},"content":{"rendered":"\n<figure class=\"wp-block-image aligncenter size-large is-resized\"><img loading=\"lazy\" decoding=\"async\" width=\"1024\" height=\"489\" src=\"https:\/\/www.laregatedesiut.com\/wp-content\/uploads\/2025\/05\/logo-bretagne-plaisance-1024x489.png\" alt=\"\" class=\"wp-image-1102\" style=\"width:253px;height:auto\" srcset=\"https:\/\/www.laregatedesiut.com\/wp-content\/uploads\/2025\/05\/logo-bretagne-plaisance-1024x489.png 1024w, https:\/\/www.laregatedesiut.com\/wp-content\/uploads\/2025\/05\/logo-bretagne-plaisance-300x143.png 300w, https:\/\/www.laregatedesiut.com\/wp-content\/uploads\/2025\/05\/logo-bretagne-plaisance-768x366.png 768w, https:\/\/www.laregatedesiut.com\/wp-content\/uploads\/2025\/05\/logo-bretagne-plaisance-1536x733.png 1536w, https:\/\/www.laregatedesiut.com\/wp-content\/uploads\/2025\/05\/logo-bretagne-plaisance.png 2048w\" sizes=\"auto, (max-width: 1024px) 100vw, 1024px\" \/><\/figure>\n\n\n\n<figure class=\"wp-block-image aligncenter size-large is-resized\"><img decoding=\"async\" src=\"https:\/\/regatdesiuts.wordpress.com\/wp-content\/uploads\/2024\/11\/gagnant-1.jpg?w=1024\" alt=\"\" class=\"wp-image-525\" style=\"width:764px;height:auto\"\/><figcaption class=\"wp-element-caption\"><em><strong>Vous pouvez d\u00e8s maintenant d\u00e9clarer votre participation \u00e0 la 22\u00e8me \u00e9dition de la R\u00e9gate des IUT.<\/strong><\/em><br><\/figcaption><\/figure>\n\n\n\n<h2 class=\"wp-block-heading has-text-align-center\"><strong>ETAPE 1 &#8211; LA DECLARATION DE PARTANCE&nbsp;<\/strong><\/h2>\n\n\n\n<p>Il s&#8217;agit de\u00a0<strong>votre premier plongeon dans la R\u00e9gate des IUT<\/strong>.\u00a0Cette d\u00e9claration vous\u00a0permet d&#8217;obtenir\u00a0<strong>un premier contact avec notre \u00e9quipe<\/strong>\u00a0et ainsi de\u00a0<strong>b\u00e9n\u00e9ficier de notre\u00a0aide<\/strong>\u00a0pour toutes vos d\u00e9marches et\u00a0pr\u00e9r\u00e9server pendant une dur\u00e9e de\u00a0<strong>30\u00a0jours<\/strong>, une place pour participer \u00e0 la R\u00e9gate des IUT car cette ann\u00e9e encore, le\u00a0nombre de participants est limit\u00e9 \u00e0 25 bateaux ! Attention, votre place pour la 22\u00e8me\u00a0\u00e9dition ne sera acquise qu\u2019\u00e0 compter de votre r\u00e8glement de la pr\u00e9-inscription d\u2019un\u00a0montant de 120 \u20ac \u00e0 effectuer dans le d\u00e9lai de 30 jours \u00e0 compter de votre mail de\u00a0d\u00e9claration de partance. N&#8217;h\u00e9sitez pas \u00e0 remplir votre d\u00e9claration de partance et \u00e0\u00a0<strong>mettre un &#8220;j&#8217;aime&#8221; sur notre page Facebook et nous suivre sur Instagram.<\/strong>\u00a0Ce sont vos premiers pas dans la r\u00e9gate, ils sont\u00a0<strong>gratuits<\/strong>\u00a0et ne vous engagent pas de fa\u00e7on d\u00e9finitive.<\/p>\n\n\n\n<p>Ci-dessous, le formulaire \u00e0 remplir et \u00e0 retourner par mail \u00e0 l&#8217;adresse suivante :&nbsp;<a href=\"mailto:laregatedesiut@yahoo.fr\">laregatedesiut@yahoo.fr<\/a><\/p>\n\n\n\n<pre class=\"wp-block-preformatted\">IUT :<br>D\u00e9partement (TC, GEA, SGM, \u2026) :<br>Adresse :<br>Code Postal :&nbsp;&nbsp;&nbsp;<br>Ville :<br>Association <em>(optionnel) :<\/em><br>Nom et Pr\u00e9nom du responsable d\u2019\u00e9quipe :<br>Nombre d\u2019\u00e9quipiers :&nbsp;&nbsp;&nbsp;<br>Num\u00e9ro de t\u00e9l\u00e9phone :<br>Adresse e-mail :<\/pre>\n\n\n\n<p>Voici\u00a0le <a href=\"https:\/\/www.laregatedesiut.com\/wp-content\/uploads\/2025\/05\/Le-cap-a-suivre-RDI-2026.pdf\" data-type=\"attachment\" data-id=\"1065\">cap \u00e0 suivre<\/a> pour participer \u00e0 la\u00a0<strong>22<sup>\u00e8me<\/sup>\u00a0\u00e9dition<\/strong>\u00a0de la\u00a0<strong>R\u00e9gate des IUT<\/strong> :<\/p>\n\n\n\n<p><strong>La d\u00e9claration de partance est-elle gratuite ?<br><\/strong>Oui, vos premiers pas dans la R\u00e9gate des IUT sont gratuits.<br><br><strong>La d\u00e9claration de partance est-elle un engagement d\u00e9finitif ?<\/strong><br>Non, la d\u00e9claration de partance ne vous engage pas d\u00e9finitivement dans la R\u00e9gate des IUT.<br><br><strong>Avantages de la d\u00e9claration de partance :\u00a0<\/strong><br>&#8211; La D\u00e9claration de partance vous permet d&#8217;\u00e9tablir un premier contact avec notre \u00e9quipe, qui pourra vous accompagner tout au long dans vos d\u00e9marches.<br>&#8211; Elle vous offre aussi la possibilit\u00e9 de participer aux Concours Photo et Concours Vid\u00e9o de la R\u00e9gate des IUT.<br><br><strong>Comment se d\u00e9clarer ?\u00a0<br><\/strong>Il vous suffit de remplir le formulaire pr\u00e9sent\u00e9 ci-dessus et le retourner \u00e0 l&#8217;adresse suivante :\u00a0<a href=\"mailto:laregatedesiut@yahoo.fr\">laregatedesiut@yahoo.fr<\/a><\/p>\n\n\n\n<div class=\"wp-block-file\"><a id=\"wp-block-file--media-c9046549-47f6-4009-8416-34433ad0f652\" href=\"https:\/\/www.laregatedesiut.com\/wp-content\/uploads\/2025\/05\/Le-cap-a-suivre-RDI-2026.pdf\">Le-cap-a\u0300-suivre-RDI-2026<\/a><a href=\"https:\/\/www.laregatedesiut.com\/wp-content\/uploads\/2025\/05\/Le-cap-a-suivre-RDI-2026.pdf\" class=\"wp-block-file__button wp-element-button\" download aria-describedby=\"wp-block-file--media-c9046549-47f6-4009-8416-34433ad0f652\">T\u00e9l\u00e9charger<\/a><\/div>\n\n\n\n<hr class=\"wp-block-separator has-alpha-channel-opacity\"\/>\n\n\n\n<h2 class=\"wp-block-heading has-text-align-center\"><strong>ETAPE 2 &#8211; LA PRE-INSCRIPTION<\/strong><\/h2>\n\n\n\n<p>La pr\u00e9inscription vous permet d\u2019entrer en course et de r\u00e9server votre bateau. C\u2019est une d\u00e9marche obligatoire pr\u00e9alable \u00e0 l\u2019inscription: gr\u00e2ce \u00e0 elle, vous entrez dans la proc\u00e9dure de d\u00e9part ! Pour valider votre pr\u00e9inscription, vous devez imprimer et remplir le formulaire simplifi\u00e9 que vous pouvez trouvez ci-dessous.\u00a0Le formulaire de pr\u00e9inscription, accompagn\u00e9 d&#8217;un ch\u00e8que de 120 euros par bateau \u00e0 l\u2019ordre de Nauticom ou d\u2019un virement (Lydia) est \u00e0 envoyer au plus t\u00f4t par courrier postal \u00e0 :\u00a0<br><strong>Nauticom \/ IUT D\u00e9partement TC \/ 18, rue Henri Wallon \/ 22000 Saint-Brieuc<br><\/strong><\/p>\n\n\n\n<div class=\"wp-block-file\"><a id=\"wp-block-file--media-eb105f1e-95c6-4adc-9576-e029faad03ac\" href=\"https:\/\/www.laregatedesiut.com\/wp-content\/uploads\/2025\/05\/La-fiche-de-preinscription-RDI-2026.docx\">La-fiche-de-pre\u0301inscription-RDI-2026<\/a><a href=\"https:\/\/www.laregatedesiut.com\/wp-content\/uploads\/2025\/05\/La-fiche-de-preinscription-RDI-2026.docx\" class=\"wp-block-file__button wp-element-button\" download aria-describedby=\"wp-block-file--media-eb105f1e-95c6-4adc-9576-e029faad03ac\">T\u00e9l\u00e9charger<\/a><\/div>\n\n\n\n<p>Le ch\u00e8que ne sera pas encaiss\u00e9 avant le 1er janvier 2026 et ainsi vous pourrez renoncer \u00e0 votre pr\u00e9inscription jusqu\u2019au 31 d\u00e9cembre 2025, vous c\u00e9derez alors votre place \u00e0 un IUT sur liste d\u2019attente et nous d\u00e9chirerons votre ch\u00e8que ou nous vous rembourserons votre paiement.<\/p>\n\n\n\n<p><strong>Une pr\u00e9 inscription rapide<\/strong>\u00a0vous permet :<br>&#8211; De\u00a0<strong>choisir le bateau<\/strong>\u00a0sur lequel vous allez naviguer. Vous pourrez ainsi conna\u00eetre rapidement votre skipper et b\u00e9n\u00e9ficier de l&#8217;image du bateau choisi pour r\u00e9aliser vos documents commerciaux, etc&#8230;<br><br>&#8211; De\u00a0<strong>recevoir notre dossier d&#8217;aide au financement.<\/strong>\u00a0Ce dossier tr\u00e8s complet vous facilitera la vie et vous permettra de trouver rapidement les fonds n\u00e9cessaires \u00e0 votre participation \u00e0 la r\u00e9gate.<strong><br><br>&#8211;<\/strong>\u00a0De\u00a0<strong>ne pas payer les frais d&#8217;inscriptions major\u00e9s\u00a0<\/strong>\u00e0 compter du 31\/12\/2025 au tarif de 2400\u20ac pour 4 \u00e9tudiants.<\/p>\n\n\n\n<p>&#8211; De<strong>\u00a0b\u00e9n\u00e9ficier d&#8217;une pr\u00e9sentation de votre \u00e9quipage<\/strong> et de\u00a0<strong>votre projet<\/strong>\u00a0sur nos r\u00e9seaux sociaux.<strong>\u00a0<\/strong><br><br>Votre pr\u00e9 inscription valid\u00e9e, vous \u00eates d\u00e9j\u00e0 en course et votre engagement parmi les 25 IUT participants est valid\u00e9. Vous b\u00e9n\u00e9ficiez alors de tout notre soutien ainsi que d&#8217;un suivi personnalis\u00e9 et vous \u00eates automatiquement inscrits au Challenge Communication auquel vous \u00eates libre de participer ou non.\u00a0<\/p>\n\n\n\n<hr class=\"wp-block-separator has-alpha-channel-opacity\"\/>\n\n\n\n<h2 class=\"wp-block-heading has-text-align-center\"><strong>ETAPE 3 &#8211; L&#8217;INSCRIPTION<\/strong><\/h2>\n\n\n\n<p>Une fois que votre pr\u00e9-inscription aura \u00e9t\u00e9 valid\u00e9e (au plus vite car le nombre de places est limit\u00e9), vous pourrez vous inscrire. Pour valider votre inscription, vous devez remplir\u00a0la fiche d\u2019inscription de la R\u00e9gate des IUT. La fiche d&#8217;inscription comportant tous les noms des membres d&#8217;\u00e9quipages et le nom du ou des enseignants &#8220;VIP&#8221; est \u00e0 envoyer \u00e0 l&#8217;adresse mail suivante :\u00a0<a href=\"mailto:laregatedesiut@yahoo.fr\">laregatedesiut@yahoo.fr <\/a><\/p>\n\n\n\n<div class=\"wp-block-file\"><a id=\"wp-block-file--media-8b00c335-441f-41b3-ba72-a014480301b9\" href=\"https:\/\/www.laregatedesiut.com\/wp-content\/uploads\/2025\/05\/La-fiche-dinscription-RDI-2026.docx\">La-fiche-d\u2019inscription-RDI-2026<\/a><a href=\"https:\/\/www.laregatedesiut.com\/wp-content\/uploads\/2025\/05\/La-fiche-dinscription-RDI-2026.docx\" class=\"wp-block-file__button wp-element-button\" download aria-describedby=\"wp-block-file--media-8b00c335-441f-41b3-ba72-a014480301b9\">T\u00e9l\u00e9charger<\/a><\/div>\n\n\n\n<p><a href=\"mailto:laregatedesiut@yahoo.fr\"><br><br><\/a><strong>Le tarif r\u00e9duit<\/strong>\u00a0pour une inscription\u00a0<strong>avant le 31\/12\/2025<\/strong>\u00a0est de 1600\u20ac HT, soit, 1920\u20ac TTC pour 4 \u00e9tudiants + 240\u20ac TTC par \u00e9tudiant suppl\u00e9mentaire. Pass\u00e9 le 31 d\u00e9cembre 2025, le prix par bateau passant \u00e0 2400\u20ac TTC + 280\u20ac TTC par \u00e9tudiant suppl\u00e9mentaire.<\/p>\n\n\n\n<p>&#8211;&gt;&nbsp;<strong>Ce tarif comprend :<\/strong><br>&nbsp; &nbsp; &nbsp; &nbsp; &nbsp;&#8211; L\u2019inscription de l\u2019IUT, du voilier et de 4 \u00e9tudiants,<br>&nbsp; &nbsp; &nbsp; &nbsp; &nbsp;&#8211; Les licences FFV,<br>&nbsp; &nbsp; &nbsp; &nbsp; &nbsp;&#8211; La mise \u00e0 disposition d\u2019un voilier avec skipper,<br>&nbsp; &nbsp; &nbsp; &nbsp; &nbsp;&#8211; L\u2019h\u00e9bergement et les repas du vendredi soir au dimanche midi inclus,<\/p>\n\n\n\n<p><em>(Il est \u00e9galement possible d\u2019inscrire des \u00e9quipiers suppl\u00e9mentaires en contrepartie d\u2019une participation de 240 \u20ac et dans la limite de 6 \u00e9quipiers en tout.)<\/em><\/p>\n\n\n\n<p>\u00a0 \u00a0&#8211;> <strong>Offert avec votre inscription :\u00a0<br><\/strong>La prise en charge d\u2019un enseignant accompagnateur ou d\u2019un de vos partenaires, du vendredi soir au dimanche midi.\u00a0(Incluant notamment : 2 nuits \u00e0 l\u2019h\u00f4tel, 2 places sur la go\u00e9lette accompagnatrice et les repas pour 2 personnes)<br><\/p>\n\n\n\n<p>Pour s\u2019inscrire, veuillez remplir la \u00a0<a href=\"https:\/\/www.laregatedesiut.com\/wp-content\/uploads\/2025\/05\/La-fiche-dinscription-RDI-2026.docx\" data-type=\"attachment\" data-id=\"1069\"> -fiche-d&#8217;inscription-RDI-2026<\/a><\/p>\n\n\n\n<p><strong>Attention, la r\u00e9servation d\u00e9finitive des bateaux ne sera effective qu\u2019\u00e0 la totalit\u00e9 du paiement de l\u2019inscription !<\/strong><\/p>\n\n\n\n<p><strong><br><\/strong>La fiche d\u2019inscription est \u00e0 nous envoyer par mail \u00e0 :&nbsp;<a href=\"mailto:laregatedesiut@yahoo.fr\">laregatedesiut@yahoo.fr<\/a><strong><\/strong><\/p>\n\n\n\n<hr class=\"wp-block-separator has-alpha-channel-opacity\"\/>\n\n\n\n<p>Pour tous renseignements suppl\u00e9mentaires, merci de nous les demander \u00e0 l&#8217;adresse mail suivante :&nbsp;<a href=\"mailto:laregatedesiut@yahoo.fr\">laregatedesiut@yahoo.fr<\/a><br><\/p>\n\n\n\n<div class=\"wp-block-buttons is-layout-flex wp-block-buttons-is-layout-flex\">\n<div class=\"wp-block-button\"><a class=\"wp-block-button__link wp-element-button\" href=\"https:\/\/www.laregatedesiut.com\/index.php\/bataux\/\">Voir les bateaux<\/a><\/div>\n<\/div>\n\n\n\n<p><\/p>\n","protected":false},"excerpt":{"rendered":"<p>ETAPE 1 &#8211; LA DECLARATION DE PARTANCE&nbsp; Il s&#8217;agit de\u00a0votre premier plongeon dans la R\u00e9gate des IUT.\u00a0Cette d\u00e9claration vous\u00a0permet d&#8217;obtenir\u00a0un premier contact avec notre \u00e9quipe\u00a0et ainsi de\u00a0b\u00e9n\u00e9ficier de notre\u00a0aide\u00a0pour toutes vos d\u00e9marches et\u00a0pr\u00e9r\u00e9server pendant une dur\u00e9e de\u00a030\u00a0jours, une place pour participer \u00e0 la R\u00e9gate des IUT car cette ann\u00e9e encore, le\u00a0nombre de participants est limit\u00e9 [&hellip;]<\/p>\n","protected":false},"author":1,"featured_media":0,"parent":0,"menu_order":0,"comment_status":"closed","ping_status":"closed","template":"","meta":{"footnotes":""},"class_list":["post-519","page","type-page","status-publish","hentry"],"_links":{"self":[{"href":"https:\/\/www.laregatedesiut.com\/index.php\/wp-json\/wp\/v2\/pages\/519","targetHints":{"allow":["GET"]}}],"collection":[{"href":"https:\/\/www.laregatedesiut.com\/index.php\/wp-json\/wp\/v2\/pages"}],"about":[{"href":"https:\/\/www.laregatedesiut.com\/index.php\/wp-json\/wp\/v2\/types\/page"}],"author":[{"embeddable":true,"href":"https:\/\/www.laregatedesiut.com\/index.php\/wp-json\/wp\/v2\/users\/1"}],"replies":[{"embeddable":true,"href":"https:\/\/www.laregatedesiut.com\/index.php\/wp-json\/wp\/v2\/comments?post=519"}],"version-history":[{"count":29,"href":"https:\/\/www.laregatedesiut.com\/index.php\/wp-json\/wp\/v2\/pages\/519\/revisions"}],"predecessor-version":[{"id":1179,"href":"https:\/\/www.laregatedesiut.com\/index.php\/wp-json\/wp\/v2\/pages\/519\/revisions\/1179"}],"wp:attachment":[{"href":"https:\/\/www.laregatedesiut.com\/index.php\/wp-json\/wp\/v2\/media?parent=519"}],"curies":[{"name":"wp","href":"https:\/\/api.w.org\/{rel}","templated":true}]}}