{"id":139,"date":"2024-10-22T17:02:57","date_gmt":"2024-10-22T15:02:57","guid":{"rendered":"https:\/\/regatdesiuts.wordpress.com\/?page_id=139"},"modified":"2025-09-19T13:45:32","modified_gmt":"2025-09-19T11:45:32","slug":"faqs","status":"publish","type":"page","link":"https:\/\/www.laregatedesiut.com\/index.php\/faqs\/","title":{"rendered":"FAQs"},"content":{"rendered":"\n<div class=\"wp-block-group alignfull has-base-color has-text-color has-background has-link-color wp-elements-a5d6342bf03d6d33cbec7ded51c10bfc has-global-padding is-layout-constrained wp-container-core-group-is-layout-d89aad35 wp-block-group-is-layout-constrained\" style=\"background-color:#0364cc;margin-top:0;margin-bottom:0;padding-top:var(--wp--preset--spacing--50);padding-right:var(--wp--preset--spacing--50);padding-bottom:var(--wp--preset--spacing--50);padding-left:var(--wp--preset--spacing--50)\">\n<h2 class=\"wp-block-heading alignwide has-text-align-center has-base-color has-text-color has-link-color wp-elements-9be346fb9145f7f70259fc2ab1a2eadf\" style=\"font-size:clamp(4.509rem, 4.509rem + ((1vw - 0.2rem) * 9.152), 10rem);letter-spacing:-0.02em\">FAQ<\/h2>\n\n\n\n<div class=\"wp-block-group alignwide is-layout-flow wp-block-group-is-layout-flow\">\n<hr class=\"wp-block-separator has-text-color has-base-color has-alpha-channel-opacity has-base-background-color has-background is-style-wide\" style=\"margin-top:var(--wp--preset--spacing--30);margin-bottom:var(--wp--preset--spacing--30)\"\/>\n\n\n\n<h3 class=\"wp-block-heading alignwide has-base-2-color has-text-color has-link-color wp-elements-f86a9495830aeaff4996c5e8c2c7aef3\">\u00c0 qui s&#8217;adresse cette r\u00e9gate ?<\/h3>\n\n\n\n<p class=\"has-contrast-1-color has-text-color has-link-color wp-elements-10ba02d3d49c34b455245ee581801b07\">La R\u00e9gate des IUT s\u2019adresse \u00e0 tous les \u00e9tudiants des IUT de France accompagn\u00e9s de leurs VIP (professeurs\/partenaires).<\/p>\n\n\n\n<p class=\"has-contrast-1-color has-text-color has-link-color wp-elements-8d41727eaa42a6a047830d38f44de079\">Tous les passionn\u00e9s de voile sont donc les bienvenus \u00e0 cette 22\u00e8me \u00e9dition.<\/p>\n\n\n\n<hr class=\"wp-block-separator has-text-color has-base-color has-alpha-channel-opacity has-base-background-color has-background is-style-wide\" style=\"margin-top:var(--wp--preset--spacing--30);margin-bottom:var(--wp--preset--spacing--30)\"\/>\n\n\n\n<h3 class=\"wp-block-heading alignwide has-base-2-color has-text-color has-link-color wp-elements-20dbfd030b59937c3e315aea0a8048ce\">Faut il avoir d\u00e9j\u00e0 pratiqu\u00e9 la voile pour y participer?<\/h3>\n\n\n\n<p class=\"has-contrast-1-color has-text-color has-link-color wp-elements-324b5fbf748c46ad60a77d9acacd47de\">Non, c&#8217;est une rencontre conviviale entre d\u00e9butants et amateurs confirm\u00e9s r\u00e9unis autour des valeurs de la voile.&nbsp;<\/p>\n\n\n\n<hr class=\"wp-block-separator has-text-color has-base-color has-alpha-channel-opacity has-base-background-color has-background is-style-wide\" style=\"margin-top:var(--wp--preset--spacing--30);margin-bottom:var(--wp--preset--spacing--30)\"\/>\n\n\n\n<h3 class=\"wp-block-heading alignwide has-base-2-color has-text-color has-link-color wp-elements-9a4b491281e74f387d8d1c3023bb6c22\">O\u00f9 sommes-nous log\u00e9s durant le week-end?<\/h3>\n\n\n\n<p class=\"has-contrast-1-color has-text-color has-link-color wp-elements-8900030654caf3e0b10111eb00112f1b\">Les \u00e9tudiants participants au Challenge Voile Bretagne Plaisance sont log\u00e9s sur leur propre bateau.<br>Les VIP seront log\u00e9s dans des h\u00f4tels de<strong>&nbsp;Saint-Malo<\/strong>&nbsp;et de&nbsp;<strong>Saint-Cast-Le-Guildo<\/strong>.<\/p>\n\n\n\n<hr class=\"wp-block-separator has-text-color has-base-color has-alpha-channel-opacity has-base-background-color has-background is-style-wide\" style=\"margin-top:var(--wp--preset--spacing--30);margin-bottom:var(--wp--preset--spacing--30)\"\/>\n\n\n\n<h3 class=\"wp-block-heading alignwide has-base-2-color has-text-color has-link-color wp-elements-26eeac38f09c067cdd39250f20d0ee63\">Qu&#8217;est ce qu&#8217;un cagnard?<\/h3>\n\n\n\n<p class=\"has-contrast-1-color has-text-color has-link-color wp-elements-ae17b57836f02082a0d8a71839696845\">La R\u00e9gate des IUT Ouest-France fournit, le temps de la r\u00e9gate, un cagnard (b\u00e2che qui sera install\u00e9e sur votre bateau \u00e0 l&#8217;arri\u00e8re tribord).<br><br>Sur cette b\u00e2che, pr\u00e9par\u00e9e par l&#8217;organisation, sera pr\u00e9sent :&nbsp;<br>C\u00f4t\u00e9 gauche : le logo de la R\u00e9gate des IUT et le logo de ses sponsors &nbsp;<br>Haut du cagnard : le nom de votre IUT et de votre sp\u00e9cialit\u00e9 (ex : IUT TC Lens)&nbsp;<br><br>Il vous reste alors 90 cm de long sur 36 cm de hauteur d&#8217;espace r\u00e9serv\u00e9 \u00e0 vos logos partenaires ou autres. Si vous ne disposez pas d&#8217;autocollants de vos partenaires pour remplir cet espace, nous les ferons r\u00e9aliser \u00e0 nos frais (compris dans votre inscription).&nbsp;<br><br>Pour ce faire : vous devez nous envoyer vos logos sous r\u00e9solution 300, en JPEG et nous noter leur dimension \u00e0 chacun, ou mieux encore r\u00e9aliser un doc Word ou JPEG mettant en sc\u00e8ne vos logos sur l&#8217;espace qui vous est r\u00e9serv\u00e9 (90 x 36).<br><br>Vous r\u00e9cup\u00e9rerez cette b\u00e2che (\u00e0 nous rendre le dimanche soir) et vos autocollants le vendredi de la R\u00e9gate en m\u00eame temps que vos licences FFV.<br><br>Les logos sont \u00e0 envoyer au plus tard deux semaines avant le weekend de l\u2019\u00e9v\u00e9nement, pass\u00e9 cette date nous ne pourrons plus les r\u00e9aliser.&nbsp;<\/p>\n\n\n\n<hr class=\"wp-block-separator has-text-color has-base-color has-alpha-channel-opacity has-base-background-color has-background is-style-wide\" style=\"margin-top:var(--wp--preset--spacing--30);margin-bottom:var(--wp--preset--spacing--30)\"\/>\n\n\n\n<h3 class=\"wp-block-heading alignwide has-base-2-color has-text-color has-link-color wp-elements-2b9d2329259dde4b34e7560d0a91cc09\">Devons-nous pr\u00e9voir de la nourriture ?<\/h3>\n\n\n\n<p class=\"has-contrast-1-color has-text-color has-link-color wp-elements-4e00dbe9e59c68bc916c27b6a8d1a41f\">Non, tous les repas sont pr\u00e9vus et organis\u00e9s du vendredi soir au dimanche midi par nos soins.&nbsp;&nbsp;<\/p>\n\n\n\n<hr class=\"wp-block-separator has-text-color has-base-color has-alpha-channel-opacity has-base-background-color has-background is-style-wide\" style=\"margin-top:var(--wp--preset--spacing--30);margin-bottom:var(--wp--preset--spacing--30)\"\/>\n\n\n\n<h3 class=\"wp-block-heading alignwide has-base-2-color has-text-color has-link-color wp-elements-955f0c5667222b4f0b0cc87aa12a2543\">Comment se passe le transport pour arriver jusqu&#8217;\u00e0 Saint-Malo<\/h3>\n\n\n\n<p class=\"has-contrast-1-color has-text-color has-link-color wp-elements-b6b64b978ec1a4dac4f578cecc99a1f6\">Les \u00e9tudiants peuvent arriver le vendredi dans l&#8217;apr\u00e8s-midi \u00e0 Saint-Malo par leurs propres moyens, notre \u00e9quipe sera heureuse de vous accueillir !<\/p>\n\n\n\n<hr class=\"wp-block-separator has-text-color has-base-color has-alpha-channel-opacity has-base-background-color has-background is-style-wide\" style=\"margin-top:var(--wp--preset--spacing--30);margin-bottom:var(--wp--preset--spacing--30)\"\/>\n\n\n\n<h3 class=\"wp-block-heading alignwide has-base-2-color has-text-color has-link-color wp-elements-9be87630a26e657d285d379fe53d1a77\">Quelles sont les conditions de r\u00e8glement pour participer au challenge voile ?<\/h3>\n\n\n\n<p class=\"has-contrast-1-color has-text-color has-link-color wp-elements-312d8b1b306056fe057925a6e2b81b3f\">Les pr\u00e9 inscrits avant le 31\/12\/2025 b\u00e9n\u00e9ficient du tarif pr\u00e9f\u00e9rentiel de 1920\u20ac (l\u2019anticipation des inscriptions permettant de r\u00e9duire une partie des co\u00fbts de l\u2019\u00e9v\u00e9nement).<\/p>\n\n\n\n<p class=\"has-contrast-1-color has-text-color has-link-color wp-elements-bf1a4e7578f5ae8a05689aa3d4122c2f\">\u00c0 partir de 01\/01\/2026, le tarif sera de 2200\u20ac et l\u2019inscription par \u00e9tudiant suppl\u00e9mentaire s\u2019\u00e9l\u00e8vera \u00e0 220\u20ac.<\/p>\n\n\n\n<hr class=\"wp-block-separator has-text-color has-base-color has-alpha-channel-opacity has-base-background-color has-background is-style-wide\" style=\"margin-top:var(--wp--preset--spacing--30);margin-bottom:var(--wp--preset--spacing--30)\"\/>\n\n\n\n<h3 class=\"wp-block-heading alignwide has-base-2-color has-text-color has-link-color wp-elements-aac5add429ceeb4e6efc07813641d194\">Qu&#8217;est ce que le challenge communication BPGO?<\/h3>\n\n\n\n<p class=\"has-contrast-1-color has-text-color has-link-color wp-elements-41f4b96a5f97626767cdfb9680318350\">Le Challenge Communication Banque Populaire Grand Ouest est un challenge qui r\u00e9compense l\u2019\u00e9quipe qui a r\u00e9alis\u00e9 le meilleur plan de communication tout au long de l\u2019ann\u00e9e universitaire. Il est compos\u00e9 de diff\u00e9rents outils (communiqu\u00e9s de presse, affiches, plaquettes, site internet, dossier sponsoring, spots radio).<\/p>\n\n\n\n<p>Pour plus d\u2019informations veuillez consulter&nbsp;<strong><a href=\"https:\/\/www.laregatedesiut.com\/pdf\/reglement_challenge_comm.pdf\" target=\"_blank\" rel=\"noreferrer noopener\">le r\u00e8glement du Challenge Communication<\/a><\/strong>.<\/p>\n\n\n\n<p>Vous pouvez consulter&nbsp;<a href=\"https:\/\/regatdesiuts.wordpress.com\/wp-content\/uploads\/2024\/10\/rapport-de-stage-professionnel-moderne-colore.pdf\" target=\"_blank\" rel=\"noreferrer noopener\">le dossier communication de la r\u00e9gate des Iut de l&#8217;IUT de Saint-Brieuc de l\u2019\u00e9dition 2023<\/a>.<\/p>\n\n\n\n<hr class=\"wp-block-separator has-text-color has-base-color has-alpha-channel-opacity has-base-background-color has-background is-style-wide\" style=\"margin-top:var(--wp--preset--spacing--30);margin-bottom:var(--wp--preset--spacing--30)\"\/>\n\n\n\n<h3 class=\"wp-block-heading alignwide has-base-2-color has-text-color has-link-color wp-elements-c7a4fc9755e153e19c5732da75200a4a\">Peut-on participer aux 2 challenges lors de la r\u00e9gate ?<\/h3>\n\n\n\n<p class=\"has-contrast-1-color has-text-color has-link-color wp-elements-a8c92dcfc66b21d4635545dee3678782\">Oui, vous pouvez participer aux 2 challenges.<\/p>\n\n\n\n<hr class=\"wp-block-separator has-text-color has-base-color has-alpha-channel-opacity has-base-background-color has-background is-style-wide\" style=\"margin-top:var(--wp--preset--spacing--30);margin-bottom:var(--wp--preset--spacing--30)\"\/>\n\n\n\n<h3 class=\"wp-block-heading alignwide has-base-2-color has-text-color has-link-color wp-elements-70ebd67b30a31a4277f85182bc582af0\">En quoi consiste le concours vid\u00e9o ?<\/h3>\n\n\n\n<p class=\"has-contrast-1-color has-text-color has-link-color wp-elements-2e19f91fab83cbcd43b3bf101bb1280f\">Il s\u2019agit d\u2019un concours bas\u00e9 sur l\u2019originalit\u00e9 et l\u2019humour, destin\u00e9 \u00e0 accompagner la promotion de cette 19\u00e8me \u00e9dition, et de ses participants.<\/p>\n\n\n\n<p class=\"has-contrast-1-color has-text-color has-link-color wp-elements-88be2952f1d6f872f6cb01963f6d0adb\">Pour plus d\u2019informations, vous pouvez \u00e9galement consulter&nbsp;<a href=\"https:\/\/www.laregatedesiut.com\/pdf\/concours-video.pdf\" target=\"_blank\" rel=\"noreferrer noopener\">le jeu concours vid\u00e9o 201<\/a>9.<\/p>\n\n\n\n<hr class=\"wp-block-separator has-text-color has-base-color has-alpha-channel-opacity has-base-background-color has-background is-style-wide\" style=\"margin-top:var(--wp--preset--spacing--30);margin-bottom:var(--wp--preset--spacing--30)\"\/>\n\n\n\n<h3 class=\"wp-block-heading alignwide has-base-2-color has-text-color has-link-color wp-elements-3a0896a963fe46fc6301b571c34299cf\">Quelles sont les dates importantes \u00e0 savoir pour les \u00e9tudiants participants \u00e0 la 21\u00e8me \u00e9dition ?Vous trouverez toutes les derni\u00e8res dates importantes pour la 21\u00e8me \u00e9dition dans le lien ci-dessous. Ces dates baliseront votre participation \u00e0 la R\u00e9gate des IUT 21\u00e8me \u00e9dition.<\/h3>\n\n\n\n<p><strong><a href=\"https:\/\/www.laregatedesiut.com\/wp-content\/uploads\/2025\/05\/Le-cap-a-suivre-RDI-2026.pdf\" data-type=\"link\" data-id=\"https:\/\/www.laregatedesiut.com\/wp-content\/uploads\/2025\/05\/Le-cap-a-suivre-RDI-2026.pdf\" target=\"_blank\" rel=\"noreferrer noopener\">Cap \u00e0 suivre <\/a><\/strong><\/p>\n\n\n\n<div style=\"margin-top:var(--wp--preset--spacing--10);margin-bottom:0;height:6px\" aria-hidden=\"true\" class=\"wp-block-spacer\"><\/div>\n<\/div>\n<\/div>\n","protected":false},"excerpt":{"rendered":"<p>FAQ \u00c0 qui s&#8217;adresse cette r\u00e9gate ? La R\u00e9gate des IUT s\u2019adresse \u00e0 tous les \u00e9tudiants des IUT de France accompagn\u00e9s de leurs VIP (professeurs\/partenaires). Tous les passionn\u00e9s de voile sont donc les bienvenus \u00e0 cette 22\u00e8me \u00e9dition. Faut il avoir d\u00e9j\u00e0 pratiqu\u00e9 la voile pour y participer? Non, c&#8217;est une rencontre conviviale entre d\u00e9butants [&hellip;]<\/p>\n","protected":false},"author":1,"featured_media":0,"parent":0,"menu_order":0,"comment_status":"closed","ping_status":"closed","template":"","meta":{"footnotes":""},"class_list":["post-139","page","type-page","status-publish","hentry"],"_links":{"self":[{"href":"https:\/\/www.laregatedesiut.com\/index.php\/wp-json\/wp\/v2\/pages\/139","targetHints":{"allow":["GET"]}}],"collection":[{"href":"https:\/\/www.laregatedesiut.com\/index.php\/wp-json\/wp\/v2\/pages"}],"about":[{"href":"https:\/\/www.laregatedesiut.com\/index.php\/wp-json\/wp\/v2\/types\/page"}],"author":[{"embeddable":true,"href":"https:\/\/www.laregatedesiut.com\/index.php\/wp-json\/wp\/v2\/users\/1"}],"replies":[{"embeddable":true,"href":"https:\/\/www.laregatedesiut.com\/index.php\/wp-json\/wp\/v2\/comments?post=139"}],"version-history":[{"count":5,"href":"https:\/\/www.laregatedesiut.com\/index.php\/wp-json\/wp\/v2\/pages\/139\/revisions"}],"predecessor-version":[{"id":1253,"href":"https:\/\/www.laregatedesiut.com\/index.php\/wp-json\/wp\/v2\/pages\/139\/revisions\/1253"}],"wp:attachment":[{"href":"https:\/\/www.laregatedesiut.com\/index.php\/wp-json\/wp\/v2\/media?parent=139"}],"curies":[{"name":"wp","href":"https:\/\/api.w.org\/{rel}","templated":true}]}}