{"id":132,"date":"2024-10-22T17:01:12","date_gmt":"2024-10-22T15:01:12","guid":{"rendered":"https:\/\/regatdesiuts.wordpress.com\/?page_id=132"},"modified":"2025-05-16T12:52:39","modified_gmt":"2025-05-16T10:52:39","slug":"contact","status":"publish","type":"page","link":"https:\/\/www.laregatedesiut.com\/index.php\/contact\/","title":{"rendered":"Contact"},"content":{"rendered":"\n<div class=\"wp-block-group alignfull has-global-padding is-layout-constrained wp-block-group-is-layout-constrained\" style=\"padding-top:var(--wp--preset--spacing--50);padding-bottom:var(--wp--preset--spacing--50)\">\n<div class=\"wp-block-columns alignwide is-layout-flex wp-container-core-columns-is-layout-ea69a204 wp-block-columns-is-layout-flex\">\n<div class=\"wp-block-column is-layout-flow wp-container-core-column-is-layout-22223934 wp-block-column-is-layout-flow\" style=\"flex-basis:50%\">\n<h2 class=\"wp-block-heading\">Contact<\/h2>\n\n\n\n<h5 class=\"wp-block-heading\">Adresse:<\/h5>\n\n\n\n<p>18 Rue Henri Wallon 22004 Saint-Brieuc CEDEX 1<\/p>\n\n\n\n<h5 class=\"wp-block-heading\">T\u00e9l\u00e9phone:<\/h5>\n\n\n\n<p>Christophe BOUFFANT : 06 81 23 05 16<\/p>\n\n\n\n<h5 class=\"wp-block-heading\">E-mail:<\/h5>\n\n\n\n<p>laregatedesiut@yahoo.fr<\/p>\n<\/div>\n\n\n\n<div class=\"wp-block-column is-layout-flow wp-block-column-is-layout-flow\" style=\"flex-basis:50%\">\n<div style=\"height:24px\" aria-hidden=\"true\" class=\"wp-block-spacer\"><\/div>\n\n\n\n<h5 class=\"wp-block-heading\">Informations diverses:<\/h5>\n\n\n\n<p><strong>RESPONSABLE DES RELATIONS INTER-IUT&nbsp;:<\/strong><\/p>\n\n\n\n<p><strong>Lola GOURIO<\/strong> &#8211; \u00c9tudiante TC &#8211; Nauticom &#8211; IUT Saint-Brieuc<\/p>\n\n\n\n<p>T\u00e9l: 07 67 86 51 97<\/p>\n\n\n\n<p><a href=\"mailto:laregatedesiut@yahoo.fr\">laregatedesiut@yahoo.fr<\/a><\/p>\n\n\n\n<div style=\"height:43px\" aria-hidden=\"true\" class=\"wp-block-spacer\"><\/div>\n\n\n\n<p><strong>RESPONSABLE DE PROJET :<\/strong><\/p>\n\n\n\n<p><strong>Adeline SIMEON&#8211;DAGORNE&nbsp;<\/strong>&#8211; \u00c9tudiante TC &#8211; Nauticom &#8211; IUT Saint-Brieuc<\/p>\n\n\n\n<p>T\u00e9l: 06 30 52 53 67<\/p>\n\n\n\n<p><a href=\"mailto:laregatedesiut@yahoo.fr\">laregatedesiut@yahoo.fr<\/a><\/p>\n\n\n\n<div style=\"height:43px\" aria-hidden=\"true\" class=\"wp-block-spacer\"><\/div>\n\n\n\n<p><strong>TUTEUR :<\/strong><\/p>\n\n\n\n<p><strong>Christophe BOUFFANT<\/strong>&nbsp;&#8211; Enseignant TC &#8211; Nauticom &#8211; IUT Saint-Brieuc<\/p>\n\n\n\n<p>T\u00e9l: 06 81 23 05 16<\/p>\n\n\n\n<p>18 rue Henri Wallon &#8211; 22 000 Saint Brieuc<\/p>\n\n\n\n<p><a href=\"mailto:christophe.bouffant@univ-rennes1.fr\">christophe.bouffant@univ-rennes1.fr<\/a><\/p>\n\n\n\n<p class=\"has-text-align-center\">Vous&nbsp;avez&nbsp;une&nbsp;question,&nbsp;une&nbsp;suggestion ou&nbsp;vous&nbsp;souhaitez&nbsp;simplement&nbsp;en conna\u00eetre&nbsp;plus&nbsp;sur&nbsp;notre&nbsp;projet \u00e9tudiant?&nbsp;Faites le nous savoir !<\/p>\n\n\n<div class=\"wpforms-container wpforms-container-full wpforms-render-modern\" id=\"wpforms-759\"><form id=\"wpforms-form-759\" class=\"wpforms-validate wpforms-form wpforms-ajax-form\" data-formid=\"759\" method=\"post\" enctype=\"multipart\/form-data\" action=\"\/index.php\/wp-json\/wp\/v2\/pages\/132\" data-token=\"eebbf137581830cdc86018aa2d3c1d4e\" data-token-time=\"1777979771\"><noscript class=\"wpforms-error-noscript\">Veuillez activer JavaScript dans votre navigateur pour remplir ce formulaire.<\/noscript><div class=\"wpforms-hidden\" id=\"wpforms-error-noscript\">Veuillez activer JavaScript dans votre navigateur pour remplir ce formulaire.<\/div><div class=\"wpforms-field-container\"><div id=\"wpforms-759-field_1-container\" class=\"wpforms-field wpforms-field-name\" data-field-id=\"1\"><fieldset><legend class=\"wpforms-field-label\">Nom <span class=\"wpforms-required-label\" aria-hidden=\"true\">*<\/span><\/legend><div class=\"wpforms-field-row wpforms-field-medium\"><div class=\"wpforms-field-row-block wpforms-first wpforms-one-half\"><input type=\"text\" id=\"wpforms-759-field_1\" class=\"wpforms-field-name-first wpforms-field-required\" name=\"wpforms[fields][1][first]\" aria-errormessage=\"wpforms-759-field_1-error\" required><label for=\"wpforms-759-field_1\" class=\"wpforms-field-sublabel after\">Pr\u00e9nom<\/label><\/div><div class=\"wpforms-field-row-block wpforms-one-half\"><input type=\"text\" id=\"wpforms-759-field_1-last\" class=\"wpforms-field-name-last wpforms-field-required\" name=\"wpforms[fields][1][last]\" aria-errormessage=\"wpforms-759-field_1-last-error\" required><label for=\"wpforms-759-field_1-last\" class=\"wpforms-field-sublabel after\">Nom<\/label><\/div><\/div><\/fieldset><\/div><div id=\"wpforms-759-field_2-container\" class=\"wpforms-field wpforms-field-email\" data-field-id=\"2\"><label class=\"wpforms-field-label\" for=\"wpforms-759-field_2\">E-mail <span class=\"wpforms-required-label\" aria-hidden=\"true\">*<\/span><\/label><input type=\"email\" id=\"wpforms-759-field_2\" class=\"wpforms-field-medium wpforms-field-required\" name=\"wpforms[fields][2]\" spellcheck=\"false\" aria-errormessage=\"wpforms-759-field_2-error\" required><\/div><div id=\"wpforms-759-field_3-container\" class=\"wpforms-field wpforms-field-textarea\" data-field-id=\"3\"><label class=\"wpforms-field-label\" for=\"wpforms-759-field_3\">Commentaire ou message<\/label><textarea id=\"wpforms-759-field_3\" class=\"wpforms-field-medium\" name=\"wpforms[fields][3]\" aria-errormessage=\"wpforms-759-field_3-error\" ><\/textarea><\/div><\/div><!-- .wpforms-field-container --><div class=\"wpforms-submit-container\" ><input type=\"hidden\" name=\"wpforms[id]\" value=\"759\"><input type=\"hidden\" name=\"page_title\" value=\"\"><input type=\"hidden\" name=\"page_url\" value=\"https:\/\/www.laregatedesiut.com\/index.php\/wp-json\/wp\/v2\/pages\/132\"><button type=\"submit\" name=\"wpforms[submit]\" id=\"wpforms-submit-759\" class=\"wpforms-submit\" data-alt-text=\"Envoi...\" data-submit-text=\"Envoyer\" aria-live=\"assertive\" value=\"wpforms-submit\">Envoyer<\/button><img loading=\"lazy\" decoding=\"async\" src=\"https:\/\/www.laregatedesiut.com\/wp-content\/plugins\/wpforms-lite\/assets\/images\/submit-spin.svg\" class=\"wpforms-submit-spinner\" style=\"display: none;\" width=\"26\" height=\"26\" alt=\"Chargement en cours\"><\/div><\/form><\/div>  <!-- .wpforms-container -->\n<\/div>\n<\/div>\n\n\n\n<div style=\"height:var(--wp--preset--spacing--20)\" aria-hidden=\"true\" class=\"wp-block-spacer\"><\/div>\n<\/div>\n","protected":false},"excerpt":{"rendered":"<p>Contact Adresse: 18 Rue Henri Wallon 22004 Saint-Brieuc CEDEX 1 T\u00e9l\u00e9phone: Christophe BOUFFANT : 06 81 23 05 16 E-mail: laregatedesiut@yahoo.fr Informations diverses: RESPONSABLE DES RELATIONS INTER-IUT&nbsp;: Lola GOURIO &#8211; \u00c9tudiante TC &#8211; Nauticom &#8211; IUT Saint-Brieuc T\u00e9l: 07 67 86 51 97 laregatedesiut@yahoo.fr RESPONSABLE DE PROJET : Adeline SIMEON&#8211;DAGORNE&nbsp;&#8211; \u00c9tudiante TC &#8211; Nauticom &#8211; [&hellip;]<\/p>\n","protected":false},"author":1,"featured_media":0,"parent":0,"menu_order":0,"comment_status":"closed","ping_status":"closed","template":"","meta":{"footnotes":""},"class_list":["post-132","page","type-page","status-publish","hentry"],"_links":{"self":[{"href":"https:\/\/www.laregatedesiut.com\/index.php\/wp-json\/wp\/v2\/pages\/132","targetHints":{"allow":["GET"]}}],"collection":[{"href":"https:\/\/www.laregatedesiut.com\/index.php\/wp-json\/wp\/v2\/pages"}],"about":[{"href":"https:\/\/www.laregatedesiut.com\/index.php\/wp-json\/wp\/v2\/types\/page"}],"author":[{"embeddable":true,"href":"https:\/\/www.laregatedesiut.com\/index.php\/wp-json\/wp\/v2\/users\/1"}],"replies":[{"embeddable":true,"href":"https:\/\/www.laregatedesiut.com\/index.php\/wp-json\/wp\/v2\/comments?post=132"}],"version-history":[{"count":6,"href":"https:\/\/www.laregatedesiut.com\/index.php\/wp-json\/wp\/v2\/pages\/132\/revisions"}],"predecessor-version":[{"id":1194,"href":"https:\/\/www.laregatedesiut.com\/index.php\/wp-json\/wp\/v2\/pages\/132\/revisions\/1194"}],"wp:attachment":[{"href":"https:\/\/www.laregatedesiut.com\/index.php\/wp-json\/wp\/v2\/media?parent=132"}],"curies":[{"name":"wp","href":"https:\/\/api.w.org\/{rel}","templated":true}]}}