{"id":108,"date":"2024-10-20T14:12:23","date_gmt":"2024-10-20T12:12:23","guid":{"rendered":"https:\/\/regatdesiuts.wordpress.com\/?page_id=108"},"modified":"2025-05-16T12:29:28","modified_gmt":"2025-05-16T10:29:28","slug":"village-etape","status":"publish","type":"page","link":"https:\/\/www.laregatedesiut.com\/index.php\/village-etape\/","title":{"rendered":"Challenge Terre Malo"},"content":{"rendered":"\n<figure class=\"wp-block-image aligncenter size-full\"><img loading=\"lazy\" decoding=\"async\" width=\"254\" height=\"100\" src=\"https:\/\/www.laregatedesiut.com\/wp-content\/uploads\/2025\/02\/Laiterie_de_Saint-Malo_logo254x100.png\" alt=\"\" class=\"wp-image-883\"\/><\/figure>\n\n\n\n<p>La r\u00e9gate des IUT est heureuse de mettre en oeuvre pour la <strong>22 \u00e8me \u00e9dition du Challenge\u00a0Terre Malo.<\/strong><\/p>\n\n\n\n<p>Cette activit\u00e9 est \u00e0 destination des \u00e9tudiants inscrits \u00e0 la R\u00e9gate des IUT&nbsp;<strong>en compagnie de leurs skippers et\/ou professeurs VIP s&#8217;ils le souhaitent<\/strong>. Apr\u00e8s une journ\u00e9e en mer, ceux-ci auront la chance de participer \u00e0 un d\u00e9fi, au&nbsp;<strong>port Jacquet<\/strong>&nbsp;\u00e0 Saint-Cast-Le-Guildo, le samedi 11 avril 2026&nbsp;<strong>aux alentours de 15h.<\/strong><\/p>\n\n\n\n<p>Ce Challenge Terre aura lieu sur le Village des IUT, en parall\u00e8le du <strong>Tremplin Musical, des stands partenaires et des jeux et animation.<\/strong> Il y a \u00e9galement un endroit o\u00f9 se restaurer. \u00a0<strong>Tout public est convi\u00e9<\/strong>\u00a0\u00e0 assister \u00e0 cette animation dans\u00a0<strong>la joie<\/strong>\u00a0et la<strong>\u00a0bonne humeur<\/strong>.<\/p>\n\n\n\n<p>C&#8217;est un temps fort de ce Village des IUT, qui permettra de continuer<strong>&nbsp;la comp\u00e9tition&nbsp;<\/strong>tout en restant dans une&nbsp;<strong>ambiance conviviale et chaleureuse<\/strong>. C&#8217;est \u00e9galement un moment de&nbsp;<strong>coh\u00e9sion<\/strong>&nbsp;et de&nbsp;<strong>partage<\/strong>&nbsp;entre tous les \u00e9quipages qui viennent des 4 coins de la France et de fili\u00e8res diff\u00e9rentes. <\/p>\n\n\n\n<p>En suppl\u00e9ment du Challenge Terre, des activit\u00e9s seront propos\u00e9es au public et aux \u00e9quipages :\u00a0<br>&#8211;\u00a0<strong>Un\u00a0Baby Foot G\u00e9ant <\/strong><br>&#8211;\u00a0<strong>Un<\/strong><strong>e tour d&#8217;escalade<\/strong><\/p>\n\n\n\n<p>Les \u00e9quipes inscrite \u00e0 la <strong>r\u00e9gate des IUT<\/strong> sont directement inscrite au <strong>challenge Terre<\/strong> il n&#8217;y a donc pas de d\u00e9marches suppl\u00e9mentaire \u00e0 effectuer.<\/p>\n\n\n\n<p>Il y aura \u00e9galement d&#8217;autres animations de propos\u00e9es par notre partenaire challenge terre qui sera pris en compte dans la note finale du <strong>challenge terre<\/strong>. <\/p>\n\n\n\n<div style=\"height:63px\" aria-hidden=\"true\" class=\"wp-block-spacer\"><\/div>\n\n\n\n<figure class=\"wp-block-image alignfull size-large is-style-rounded is-style-rounded--1\"><img decoding=\"async\" src=\"https:\/\/regatdesiuts.wordpress.com\/wp-content\/uploads\/2024\/11\/05_samedi_village-des-iut_c2a9heloisedaniel-136.jpg?w=1024\" alt=\"\" class=\"wp-image-631\"\/><\/figure>\n\n\n\n<p><\/p>\n","protected":false},"excerpt":{"rendered":"<p>La r\u00e9gate des IUT est heureuse de mettre en oeuvre pour la 22 \u00e8me \u00e9dition du Challenge\u00a0Terre Malo. Cette activit\u00e9 est \u00e0 destination des \u00e9tudiants inscrits \u00e0 la R\u00e9gate des IUT&nbsp;en compagnie de leurs skippers et\/ou professeurs VIP s&#8217;ils le souhaitent. Apr\u00e8s une journ\u00e9e en mer, ceux-ci auront la chance de participer \u00e0 un d\u00e9fi, [&hellip;]<\/p>\n","protected":false},"author":1,"featured_media":0,"parent":0,"menu_order":0,"comment_status":"closed","ping_status":"closed","template":"","meta":{"footnotes":""},"class_list":["post-108","page","type-page","status-publish","hentry"],"_links":{"self":[{"href":"https:\/\/www.laregatedesiut.com\/index.php\/wp-json\/wp\/v2\/pages\/108","targetHints":{"allow":["GET"]}}],"collection":[{"href":"https:\/\/www.laregatedesiut.com\/index.php\/wp-json\/wp\/v2\/pages"}],"about":[{"href":"https:\/\/www.laregatedesiut.com\/index.php\/wp-json\/wp\/v2\/types\/page"}],"author":[{"embeddable":true,"href":"https:\/\/www.laregatedesiut.com\/index.php\/wp-json\/wp\/v2\/users\/1"}],"replies":[{"embeddable":true,"href":"https:\/\/www.laregatedesiut.com\/index.php\/wp-json\/wp\/v2\/comments?post=108"}],"version-history":[{"count":20,"href":"https:\/\/www.laregatedesiut.com\/index.php\/wp-json\/wp\/v2\/pages\/108\/revisions"}],"predecessor-version":[{"id":1158,"href":"https:\/\/www.laregatedesiut.com\/index.php\/wp-json\/wp\/v2\/pages\/108\/revisions\/1158"}],"wp:attachment":[{"href":"https:\/\/www.laregatedesiut.com\/index.php\/wp-json\/wp\/v2\/media?parent=108"}],"curies":[{"name":"wp","href":"https:\/\/api.w.org\/{rel}","templated":true}]}}