{"id":103,"date":"2024-10-20T14:11:35","date_gmt":"2024-10-20T12:11:35","guid":{"rendered":"https:\/\/regatdesiuts.wordpress.com\/?page_id=103"},"modified":"2026-05-04T19:33:13","modified_gmt":"2026-05-04T17:33:13","slug":"challenge-voile","status":"publish","type":"page","link":"https:\/\/www.laregatedesiut.com\/index.php\/challenge-voile\/","title":{"rendered":"Challenge Voile Bretagne Plaisance"},"content":{"rendered":"\n<figure class=\"wp-block-image aligncenter size-large is-resized\"><img loading=\"lazy\" decoding=\"async\" width=\"1024\" height=\"489\" src=\"https:\/\/www.laregatedesiut.com\/wp-content\/uploads\/2025\/05\/logo-bretagne-plaisance-1024x489.png\" alt=\"\" class=\"wp-image-1102\" style=\"width:607px;height:auto\" srcset=\"https:\/\/www.laregatedesiut.com\/wp-content\/uploads\/2025\/05\/logo-bretagne-plaisance-1024x489.png 1024w, https:\/\/www.laregatedesiut.com\/wp-content\/uploads\/2025\/05\/logo-bretagne-plaisance-300x143.png 300w, https:\/\/www.laregatedesiut.com\/wp-content\/uploads\/2025\/05\/logo-bretagne-plaisance-768x366.png 768w, https:\/\/www.laregatedesiut.com\/wp-content\/uploads\/2025\/05\/logo-bretagne-plaisance-1536x733.png 1536w, https:\/\/www.laregatedesiut.com\/wp-content\/uploads\/2025\/05\/logo-bretagne-plaisance.png 2048w\" sizes=\"auto, (max-width: 1024px) 100vw, 1024px\" \/><\/figure>\n\n\n\n<figure class=\"wp-block-image aligncenter size-large\"><img loading=\"lazy\" decoding=\"async\" width=\"1920\" height=\"1080\" src=\"https:\/\/regatdesiuts.wordpress.com\/wp-content\/uploads\/2024\/10\/photo_challenge_voile.jpg?w=1024\" alt=\"\" class=\"wp-image-286\" srcset=\"https:\/\/www.laregatedesiut.com\/wp-content\/uploads\/2024\/10\/photo_challenge_voile.jpg 1920w, https:\/\/www.laregatedesiut.com\/wp-content\/uploads\/2024\/10\/photo_challenge_voile-300x169.jpg 300w, https:\/\/www.laregatedesiut.com\/wp-content\/uploads\/2024\/10\/photo_challenge_voile-1024x576.jpg 1024w, https:\/\/www.laregatedesiut.com\/wp-content\/uploads\/2024\/10\/photo_challenge_voile-768x432.jpg 768w, https:\/\/www.laregatedesiut.com\/wp-content\/uploads\/2024\/10\/photo_challenge_voile-1536x864.jpg 1536w\" sizes=\"auto, (max-width: 1920px) 100vw, 1920px\" \/><\/figure>\n\n\n\n<p class=\"has-text-align-left\">De&nbsp;<strong><a href=\"https:\/\/www.saint-malo.fr\">Saint-Malo<\/a> \u00e0 <a href=\"https:\/\/villedesaintcastleguildo.fr\">Saint-Cast-Le-Guildo<\/a><\/strong>, le&nbsp;<strong>Challenge Voile&nbsp;Bretagne Plaisance<\/strong>&nbsp;est une r\u00e9gate courue en deux \u00e0 trois manches sur des&nbsp;<strong><a href=\"https:\/\/regatdesiuts.wordpress.com\/bataux\/\">voiliers habitables de 8 \u00e0 13 m\u00e8tres<\/a><\/strong>&nbsp;pr\u00e9alablement choisis par les \u00e9tudiants. Vous pouvez consulter la liste des bateaux disponibles dans la rubrique <a href=\"https:\/\/www.laregatedesiut.com\/index.php\/bataux\/\" data-type=\"page\" data-id=\"123\"><strong>Bateaux.<\/strong><\/a><br><strong><br><br>Cette r\u00e9gate de type inter-ligue<\/strong>&nbsp;est inscrite au calendrier de la&nbsp;<strong><a href=\"https:\/\/www.ffvoile.fr\/ffv\/web\/\">FFV<\/a><\/strong>&nbsp;et est organis\u00e9e par la&nbsp;<strong><a href=\"https:\/\/snbsm.com\">SNBSM<\/a><\/strong>&nbsp;(Soci\u00e9t\u00e9 Nautique de la Baie de Saint-Malo).<\/p>\n\n\n\n<p><strong>Pour cette 23<sup>\u00e8me<\/sup>\u00a0\u00e9dition,<\/strong>\u00a0la vingtaine de bateaux et la centaine de r\u00e9gatiers sont attendus pour participer \u00e0 l\u2019\u00e9v\u00e8nement 2027.\u00a0Les skippers et r\u00e9gatiers du\u00a0<strong><a href=\"https:\/\/yachtclubgranville.com\">Yacht Club de Granville<\/a><\/strong>, de la <a href=\"https:\/\/snbsm.com\"><strong>Soci\u00e9t\u00e9 Nautique de la Baie de Saint-Malo<\/strong>,<\/a> du\u00a0<strong><a href=\"https:\/\/www.ycva22.fr\">Yacht Club du Val-Andr\u00e9<\/a><\/strong>\u00a0et des\u00a0<strong>autres ports des C\u00f4tes d&#8217;Armor<\/strong>\u00a0mettent leur exp\u00e9rience et leurs bateaux au service des \u00e9tudiants, qu\u2019ils soient d\u00e9butants ou r\u00e9gatiers confirm\u00e9s. Ils peuvent ainsi d\u00e9couvrir l\u2019univers de la voile gr\u00e2ce \u00e0 des skippers passionn\u00e9s, tout en alliant esprit de comp\u00e9tition et convivialit\u00e9.<br><br><strong>Unis autour des valeurs de la voile,<\/strong>\u00a0cette r\u00e9gate permet aux \u00e9tudiants d&#8217;acqu\u00e9rir l&#8217;esprit d&#8217;\u00e9quipe, et surtout de partager une\u00a0<strong>exp\u00e9rience hors du commun<\/strong>\u00a0avec de nombreux participants venus de la France enti\u00e8re et des acteurs du monde nautique.\u00a0V\u00e9ritable vitrine pour les entreprises partenaires, la R\u00e9gate des IUT est le point de rencontre id\u00e9al entre professionnels et \u00e9tudiants. Elle permet une visibilit\u00e9 forte, et est un biais original, dynamique et pertinent pour envisager un recrutement actif.\u00a0Du d\u00e9butant au r\u00e9gatier confirm\u00e9, la pr\u00e9sence de skippers exp\u00e9riment\u00e9s donne une chance de victoire \u00e0 tous les \u00e9quipages.<br><br>Voici\u00a0le\u00a0<a href=\"https:\/\/www.laregatedesiut.com\/wp-content\/uploads\/2025\/05\/Le-cap-a-suivre-RDI-2026.pdf\" data-type=\"attachment\" data-id=\"1065\" target=\"_blank\" rel=\"noreferrer noopener\">cap \u00e0 suivre 202<\/a>7\u00a0pour participer \u00e0 la\u00a0<strong>23<sup>\u00e8me<\/sup>\u00a0\u00e9dition<\/strong>\u00a0de la\u00a0<strong>R\u00e9gate des IUT<\/strong><\/p>\n\n\n\n<div class=\"wp-block-columns is-layout-flex wp-container-core-columns-is-layout-28f84493 wp-block-columns-is-layout-flex\">\n<div class=\"wp-block-column is-layout-flow wp-block-column-is-layout-flow\">\n<figure class=\"wp-block-image size-full\"><img loading=\"lazy\" decoding=\"async\" width=\"287\" height=\"200\" src=\"https:\/\/www.laregatedesiut.com\/wp-content\/uploads\/2024\/10\/logo_snbsm-removebg-preview.png\" alt=\"\" class=\"wp-image-301\"\/><\/figure>\n<\/div>\n\n\n\n<div class=\"wp-block-column is-layout-flow wp-block-column-is-layout-flow\">\n<figure class=\"wp-block-image size-full is-resized\"><img loading=\"lazy\" decoding=\"async\" width=\"130\" height=\"105\" src=\"https:\/\/www.laregatedesiut.com\/wp-content\/uploads\/2024\/10\/logoycg.gif\" alt=\"\" class=\"wp-image-284\" style=\"width:324px;height:auto\"\/><\/figure>\n<\/div>\n\n\n\n<div class=\"wp-block-column is-layout-flow wp-block-column-is-layout-flow\">\n<figure class=\"wp-block-image size-full\"><img loading=\"lazy\" decoding=\"async\" width=\"615\" height=\"406\" src=\"https:\/\/www.laregatedesiut.com\/wp-content\/uploads\/2024\/10\/yaght_club1-removebg-preview.png\" alt=\"\" class=\"wp-image-295\" srcset=\"https:\/\/www.laregatedesiut.com\/wp-content\/uploads\/2024\/10\/yaght_club1-removebg-preview.png 615w, https:\/\/www.laregatedesiut.com\/wp-content\/uploads\/2024\/10\/yaght_club1-removebg-preview-300x198.png 300w\" sizes=\"auto, (max-width: 615px) 100vw, 615px\" \/><\/figure>\n<\/div>\n<\/div>\n\n\n\n<p><\/p>\n","protected":false},"excerpt":{"rendered":"<p>De&nbsp;Saint-Malo \u00e0 Saint-Cast-Le-Guildo, le&nbsp;Challenge Voile&nbsp;Bretagne Plaisance&nbsp;est une r\u00e9gate courue en deux \u00e0 trois manches sur des&nbsp;voiliers habitables de 8 \u00e0 13 m\u00e8tres&nbsp;pr\u00e9alablement choisis par les \u00e9tudiants. Vous pouvez consulter la liste des bateaux disponibles dans la rubrique Bateaux. Cette r\u00e9gate de type inter-ligue&nbsp;est inscrite au calendrier de la&nbsp;FFV&nbsp;et est organis\u00e9e par la&nbsp;SNBSM&nbsp;(Soci\u00e9t\u00e9 Nautique de la [&hellip;]<\/p>\n","protected":false},"author":1,"featured_media":0,"parent":0,"menu_order":0,"comment_status":"closed","ping_status":"closed","template":"","meta":{"footnotes":""},"class_list":["post-103","page","type-page","status-publish","hentry"],"_links":{"self":[{"href":"https:\/\/www.laregatedesiut.com\/index.php\/wp-json\/wp\/v2\/pages\/103","targetHints":{"allow":["GET"]}}],"collection":[{"href":"https:\/\/www.laregatedesiut.com\/index.php\/wp-json\/wp\/v2\/pages"}],"about":[{"href":"https:\/\/www.laregatedesiut.com\/index.php\/wp-json\/wp\/v2\/types\/page"}],"author":[{"embeddable":true,"href":"https:\/\/www.laregatedesiut.com\/index.php\/wp-json\/wp\/v2\/users\/1"}],"replies":[{"embeddable":true,"href":"https:\/\/www.laregatedesiut.com\/index.php\/wp-json\/wp\/v2\/comments?post=103"}],"version-history":[{"count":20,"href":"https:\/\/www.laregatedesiut.com\/index.php\/wp-json\/wp\/v2\/pages\/103\/revisions"}],"predecessor-version":[{"id":1464,"href":"https:\/\/www.laregatedesiut.com\/index.php\/wp-json\/wp\/v2\/pages\/103\/revisions\/1464"}],"wp:attachment":[{"href":"https:\/\/www.laregatedesiut.com\/index.php\/wp-json\/wp\/v2\/media?parent=103"}],"curies":[{"name":"wp","href":"https:\/\/api.w.org\/{rel}","templated":true}]}}